{"id":266,"date":"2022-10-06T11:59:21","date_gmt":"2022-10-06T10:59:21","guid":{"rendered":"https:\/\/vin-et-spiritueux.fr\/?page_id=266"},"modified":"2022-10-28T08:31:41","modified_gmt":"2022-10-28T07:31:41","slug":"un-point-dhistoire","status":"publish","type":"page","link":"https:\/\/vin-et-spiritueux.fr\/en\/un-point-dhistoire\/","title":{"rendered":"A point of history"},"content":{"rendered":"<div data-elementor-type=\"wp-page\" data-elementor-id=\"266\" class=\"elementor elementor-266\" data-elementor-post-type=\"page\">\n\t\t\t\t\t\t<section class=\"elementor-section elementor-top-section elementor-element elementor-element-6629aa57 elementor-section-full_width elementor-section-height-min-height elementor-section-height-default elementor-section-items-middle\" data-id=\"6629aa57\" data-element_type=\"section\">\n\t\t\t\t\t\t<div class=\"elementor-container elementor-column-gap-no\">\n\t\t\t\t\t<div class=\"elementor-column elementor-col-100 elementor-top-column elementor-element elementor-element-54851dab\" data-id=\"54851dab\" data-element_type=\"column\">\n\t\t\t<div class=\"elementor-widget-wrap elementor-element-populated\">\n\t\t\t\t\t\t<div class=\"elementor-element elementor-element-427ee673 elementor-widget__width-auto elementor-invisible elementor-widget elementor-widget-heading\" data-id=\"427ee673\" data-element_type=\"widget\" data-settings=\"{&quot;_animation&quot;:&quot;fadeIn&quot;}\" data-widget_type=\"heading.default\">\n\t\t\t\t<div class=\"elementor-widget-container\">\n\t\t\t\t\t<h1 class=\"elementor-heading-title elementor-size-default\">A point of history <\/h1>\t\t\t\t<\/div>\n\t\t\t\t<\/div>\n\t\t\t\t<div class=\"elementor-element elementor-element-33ddf629 elementor-widget__width-auto elementor-invisible elementor-widget elementor-widget-heading\" data-id=\"33ddf629\" data-element_type=\"widget\" data-settings=\"{&quot;_animation&quot;:&quot;fadeIn&quot;}\" data-widget_type=\"heading.default\">\n\t\t\t\t<div class=\"elementor-widget-container\">\n\t\t\t\t\t<h1 class=\"elementor-heading-title elementor-size-default\">on the Fitzgerald Estate<\/h1>\t\t\t\t<\/div>\n\t\t\t\t<\/div>\n\t\t\t\t\t<\/div>\n\t\t<\/div>\n\t\t\t\t\t<\/div>\n\t\t<\/section>\n\t\t\t\t<section class=\"elementor-section elementor-top-section elementor-element elementor-element-2dde98b6 elementor-section-full_width elementor-section-height-min-height elementor-section-items-stretch elementor-section-height-default\" data-id=\"2dde98b6\" data-element_type=\"section\" data-settings=\"{&quot;background_background&quot;:&quot;classic&quot;,&quot;background_motion_fx_motion_fx_scrolling&quot;:&quot;yes&quot;,&quot;background_motion_fx_translateY_effect&quot;:&quot;yes&quot;,&quot;background_motion_fx_translateY_speed&quot;:{&quot;unit&quot;:&quot;px&quot;,&quot;size&quot;:2,&quot;sizes&quot;:[]},&quot;background_motion_fx_translateY_affectedRange&quot;:{&quot;unit&quot;:&quot;%&quot;,&quot;size&quot;:&quot;&quot;,&quot;sizes&quot;:{&quot;start&quot;:0,&quot;end&quot;:100}},&quot;background_motion_fx_devices&quot;:[&quot;desktop&quot;,&quot;tablet&quot;,&quot;mobile&quot;]}\">\n\t\t\t\t\t\t<div class=\"elementor-container elementor-column-gap-no\">\n\t\t\t\t\t<div class=\"elementor-column elementor-col-100 elementor-top-column elementor-element elementor-element-415ad381\" data-id=\"415ad381\" data-element_type=\"column\">\n\t\t\t<div class=\"elementor-widget-wrap elementor-element-populated\">\n\t\t\t\t\t\t<div class=\"elementor-element elementor-element-2e0b6018 elementor-widget elementor-widget-spacer\" data-id=\"2e0b6018\" data-element_type=\"widget\" data-widget_type=\"spacer.default\">\n\t\t\t\t<div class=\"elementor-widget-container\">\n\t\t\t\t\t\t\t<div class=\"elementor-spacer\">\n\t\t\t<div class=\"elementor-spacer-inner\"><\/div>\n\t\t<\/div>\n\t\t\t\t\t\t<\/div>\n\t\t\t\t<\/div>\n\t\t\t\t\t<\/div>\n\t\t<\/div>\n\t\t\t\t\t<\/div>\n\t\t<\/section>\n\t\t\t\t<section class=\"elementor-section elementor-top-section elementor-element elementor-element-383bfbb0 elementor-section-full_width elementor-section-height-min-height elementor-section-height-default elementor-section-items-middle\" data-id=\"383bfbb0\" data-element_type=\"section\">\n\t\t\t\t\t\t<div class=\"elementor-container elementor-column-gap-no\">\n\t\t\t\t\t<div class=\"elementor-column elementor-col-100 elementor-top-column elementor-element elementor-element-590c3dba\" data-id=\"590c3dba\" data-element_type=\"column\">\n\t\t\t<div class=\"elementor-widget-wrap elementor-element-populated\">\n\t\t\t\t\t\t<div class=\"elementor-element elementor-element-7bf7ff2a elementor-widget elementor-widget-heading\" data-id=\"7bf7ff2a\" data-element_type=\"widget\" data-settings=\"{&quot;motion_fx_motion_fx_scrolling&quot;:&quot;yes&quot;,&quot;motion_fx_translateX_effect&quot;:&quot;yes&quot;,&quot;motion_fx_translateX_direction&quot;:&quot;negative&quot;,&quot;motion_fx_translateX_speed&quot;:{&quot;unit&quot;:&quot;px&quot;,&quot;size&quot;:4,&quot;sizes&quot;:[]},&quot;motion_fx_translateX_affectedRange&quot;:{&quot;unit&quot;:&quot;%&quot;,&quot;size&quot;:&quot;&quot;,&quot;sizes&quot;:{&quot;start&quot;:0,&quot;end&quot;:100}},&quot;motion_fx_devices&quot;:[&quot;desktop&quot;,&quot;tablet&quot;,&quot;mobile&quot;]}\" data-widget_type=\"heading.default\">\n\t\t\t\t<div class=\"elementor-widget-container\">\n\t\t\t\t\t<div class=\"elementor-heading-title elementor-size-default\"> \u25e6   passionate   \u25e6   commitment   \u25e6   crafted    \u25e6   wine lovers<\/div>\t\t\t\t<\/div>\n\t\t\t\t<\/div>\n\t\t\t\t\t<\/div>\n\t\t<\/div>\n\t\t\t\t\t<\/div>\n\t\t<\/section>\n\t\t\t\t<section class=\"elementor-section elementor-top-section elementor-element elementor-element-93f6db6 elementor-section-boxed elementor-section-height-default elementor-section-height-default\" data-id=\"93f6db6\" data-element_type=\"section\">\n\t\t\t\t\t\t<div class=\"elementor-container elementor-column-gap-default\">\n\t\t\t\t\t<div class=\"elementor-column elementor-col-100 elementor-top-column elementor-element elementor-element-f082f47\" data-id=\"f082f47\" data-element_type=\"column\">\n\t\t\t<div class=\"elementor-widget-wrap elementor-element-populated\">\n\t\t\t\t\t\t<div class=\"elementor-element elementor-element-85d5092 elementor-widget elementor-widget-text-editor\" data-id=\"85d5092\" data-element_type=\"widget\" data-widget_type=\"text-editor.default\">\n\t\t\t\t<div class=\"elementor-widget-container\">\n\t\t\t\t\t\t\t\t\t<p>After 25 years of international career at Pernod Ricard, Fergus Fitzgerald, of Irish nationality and living in Fronton since 2007, is embarking with passion on a new adventure and converting to a profession that brings him closer to his earthly roots, the vine.\u00a0<\/p><p>In his career of professionalization, he undertakes a BTS viticulture \/ oenology, at the ESA of Angers.<\/p><p>To make his dream come true, Fergus acquired 14 hectares of vines in the Frontonnais, including 3 hectares in lease and 5 hectares of land that belonged to Philippe MURATET and his family, winegrowers and farmers recognized for several generations.<\/p><p>In order to ensure a reasoned transfer, Philippe transmits his know-how by accompanying Fergus in his activity for 2 years.<\/p><p>Fergus intends to highlight the terroir of the Frontonnais, and more particularly of Vacquiers, by relying on the emblematic local grape variety, N\u00e9grette, as well as on the diversity of the terroir present on the estate by working on small productions based on plot sorting.<\/p><p>Domaine Fitzgerald produced 20,000 bottles of wine in 2021 which will be marketed in a range of 3 references:<\/p><ul><li>Ticol Plage Ros\u00e9<\/li><li>Ticol Plage Rouge<\/li><li>\u00d4 m\u2019en Donn\u00e9<\/li><\/ul><p>Fergus wants to develop its range of wines mainly in the CHR and wine merchants network \u2013 primarily on the local market and in his native country, Ireland in a second phase.<\/p>\t\t\t\t\t\t\t\t<\/div>\n\t\t\t\t<\/div>\n\t\t\t\t\t<\/div>\n\t\t<\/div>\n\t\t\t\t\t<\/div>\n\t\t<\/section>\n\t\t\t\t<section class=\"elementor-section elementor-top-section elementor-element elementor-element-44438ff4 elementor-section-stretched elementor-section-boxed elementor-section-height-default elementor-section-height-default\" data-id=\"44438ff4\" data-element_type=\"section\" data-settings=\"{&quot;stretch_section&quot;:&quot;section-stretched&quot;,&quot;background_background&quot;:&quot;classic&quot;}\">\n\t\t\t\t\t\t<div class=\"elementor-container elementor-column-gap-default\">\n\t\t\t\t\t<div class=\"elementor-column elementor-col-100 elementor-top-column elementor-element elementor-element-3c366bb4\" data-id=\"3c366bb4\" data-element_type=\"column\">\n\t\t\t<div class=\"elementor-widget-wrap elementor-element-populated\">\n\t\t\t\t\t\t<div class=\"elementor-element elementor-element-4fbe3263 elementor-widget__width-auto elementor-widget-mobile__width-inherit elementor-invisible elementor-widget elementor-widget-heading\" data-id=\"4fbe3263\" data-element_type=\"widget\" data-settings=\"{&quot;_animation&quot;:&quot;fadeIn&quot;}\" data-widget_type=\"heading.default\">\n\t\t\t\t<div class=\"elementor-widget-container\">\n\t\t\t\t\t<h3 class=\"elementor-heading-title elementor-size-default\">Alcohol abuse is dangerous for health.<\/h3>\t\t\t\t<\/div>\n\t\t\t\t<\/div>\n\t\t\t\t\t<\/div>\n\t\t<\/div>\n\t\t\t\t\t<\/div>\n\t\t<\/section>\n\t\t\t\t<\/div>","protected":false},"excerpt":{"rendered":"<p>Un point d\u2019histoire sur le Domaine Fitzgerald \u25e6 passionate \u25e6 commitment \u25e6 crafted \u25e6 wine lovers Apr\u00e8s 25 ans de carri\u00e8re internationale chez Pernod Ricard, Fergus Fitzgerald de nationalit\u00e9 irlandaise et r\u00e9sidant \u00e0 Fronton depuis 2007, se lance avec passion dans une nouvelle aventure et se reconvertit dans un m\u00e9tier qui le rapproche de ses &#8230; <a title=\"A point of history\" class=\"read-more\" href=\"https:\/\/vin-et-spiritueux.fr\/en\/un-point-dhistoire\/\" aria-label=\"Read more about Un point d\u2019histoire\">Read more<\/a><\/p>","protected":false},"author":2,"featured_media":0,"parent":0,"menu_order":0,"comment_status":"closed","ping_status":"closed","template":"elementor_header_footer","meta":{"footnotes":""},"class_list":["post-266","page","type-page","status-publish"],"yoast_head":"<!-- This site is optimized with the Yoast SEO plugin v25.1 - https:\/\/yoast.com\/wordpress\/plugins\/seo\/ -->\n<title>Un point d\u2019histoire - Vin Et Spiritueux<\/title>\n<meta name=\"robots\" content=\"index, follow, max-snippet:-1, max-image-preview:large, max-video-preview:-1\" \/>\n<link rel=\"canonical\" href=\"https:\/\/vin-et-spiritueux.fr\/en\/un-point-dhistoire\/\" \/>\n<meta property=\"og:locale\" content=\"en_US\" \/>\n<meta property=\"og:type\" content=\"article\" \/>\n<meta property=\"og:title\" content=\"Un point d\u2019histoire - Vin Et Spiritueux\" \/>\n<meta property=\"og:description\" content=\"Un point d\u2019histoire sur le Domaine Fitzgerald \u25e6 passionate \u25e6 commitment \u25e6 crafted \u25e6 wine lovers Apr\u00e8s 25 ans de carri\u00e8re internationale chez Pernod Ricard, Fergus Fitzgerald de nationalit\u00e9 irlandaise et r\u00e9sidant \u00e0 Fronton depuis 2007, se lance avec passion dans une nouvelle aventure et se reconvertit dans un m\u00e9tier qui le rapproche de ses ... Read more\" \/>\n<meta property=\"og:url\" content=\"https:\/\/vin-et-spiritueux.fr\/en\/un-point-dhistoire\/\" \/>\n<meta property=\"og:site_name\" content=\"Vin Et Spiritueux\" \/>\n<meta property=\"article:modified_time\" content=\"2022-10-28T07:31:41+00:00\" \/>\n<meta name=\"twitter:label1\" content=\"Est. reading time\" \/>\n\t<meta name=\"twitter:data1\" content=\"1 minute\" \/>\n<script type=\"application\/ld+json\" class=\"yoast-schema-graph\">{\"@context\":\"https:\/\/schema.org\",\"@graph\":[{\"@type\":\"WebPage\",\"@id\":\"https:\/\/vin-et-spiritueux.fr\/un-point-dhistoire\/\",\"url\":\"https:\/\/vin-et-spiritueux.fr\/un-point-dhistoire\/\",\"name\":\"Un point d\u2019histoire - Vin Et Spiritueux\",\"isPartOf\":{\"@id\":\"https:\/\/vin-et-spiritueux.fr\/#website\"},\"datePublished\":\"2022-10-06T10:59:21+00:00\",\"dateModified\":\"2022-10-28T07:31:41+00:00\",\"inLanguage\":\"en-US\",\"potentialAction\":[{\"@type\":\"ReadAction\",\"target\":[\"https:\/\/vin-et-spiritueux.fr\/un-point-dhistoire\/\"]}]},{\"@type\":\"WebSite\",\"@id\":\"https:\/\/vin-et-spiritueux.fr\/#website\",\"url\":\"https:\/\/vin-et-spiritueux.fr\/\",\"name\":\"Vin Et Spiritueux\",\"description\":\"Le Domaine Fitzgerald\",\"publisher\":{\"@id\":\"https:\/\/vin-et-spiritueux.fr\/#organization\"},\"potentialAction\":[{\"@type\":\"SearchAction\",\"target\":{\"@type\":\"EntryPoint\",\"urlTemplate\":\"https:\/\/vin-et-spiritueux.fr\/?s={search_term_string}\"},\"query-input\":{\"@type\":\"PropertyValueSpecification\",\"valueRequired\":true,\"valueName\":\"search_term_string\"}}],\"inLanguage\":\"en-US\"},{\"@type\":\"Organization\",\"@id\":\"https:\/\/vin-et-spiritueux.fr\/#organization\",\"name\":\"Vin Et Spiritueux\",\"url\":\"https:\/\/vin-et-spiritueux.fr\/\",\"logo\":{\"@type\":\"ImageObject\",\"inLanguage\":\"en-US\",\"@id\":\"https:\/\/vin-et-spiritueux.fr\/#\/schema\/logo\/image\/\",\"url\":\"https:\/\/vin-et-spiritueux.fr\/wp-content\/uploads\/2022\/10\/cropped-Le-Domaine-Fitzgerald.jpg\",\"contentUrl\":\"https:\/\/vin-et-spiritueux.fr\/wp-content\/uploads\/2022\/10\/cropped-Le-Domaine-Fitzgerald.jpg\",\"width\":880,\"height\":373,\"caption\":\"Vin Et Spiritueux\"},\"image\":{\"@id\":\"https:\/\/vin-et-spiritueux.fr\/#\/schema\/logo\/image\/\"}}]}<\/script>\n<!-- \/ Yoast SEO plugin. -->","yoast_head_json":{"title":"Un point d\u2019histoire - Vin Et Spiritueux","robots":{"index":"index","follow":"follow","max-snippet":"max-snippet:-1","max-image-preview":"max-image-preview:large","max-video-preview":"max-video-preview:-1"},"canonical":"https:\/\/vin-et-spiritueux.fr\/en\/un-point-dhistoire\/","og_locale":"en_US","og_type":"article","og_title":"Un point d\u2019histoire - Vin Et Spiritueux","og_description":"Un point d\u2019histoire sur le Domaine Fitzgerald \u25e6 passionate \u25e6 commitment \u25e6 crafted \u25e6 wine lovers Apr\u00e8s 25 ans de carri\u00e8re internationale chez Pernod Ricard, Fergus Fitzgerald de nationalit\u00e9 irlandaise et r\u00e9sidant \u00e0 Fronton depuis 2007, se lance avec passion dans une nouvelle aventure et se reconvertit dans un m\u00e9tier qui le rapproche de ses ... Read more","og_url":"https:\/\/vin-et-spiritueux.fr\/en\/un-point-dhistoire\/","og_site_name":"Vin Et Spiritueux","article_modified_time":"2022-10-28T07:31:41+00:00","twitter_misc":{"Est. reading time":"1 minute"},"schema":{"@context":"https:\/\/schema.org","@graph":[{"@type":"WebPage","@id":"https:\/\/vin-et-spiritueux.fr\/un-point-dhistoire\/","url":"https:\/\/vin-et-spiritueux.fr\/un-point-dhistoire\/","name":"Un point d\u2019histoire - Vin Et Spiritueux","isPartOf":{"@id":"https:\/\/vin-et-spiritueux.fr\/#website"},"datePublished":"2022-10-06T10:59:21+00:00","dateModified":"2022-10-28T07:31:41+00:00","inLanguage":"en-US","potentialAction":[{"@type":"ReadAction","target":["https:\/\/vin-et-spiritueux.fr\/un-point-dhistoire\/"]}]},{"@type":"WebSite","@id":"https:\/\/vin-et-spiritueux.fr\/#website","url":"https:\/\/vin-et-spiritueux.fr\/","name":"Vin Et Spiritueux","description":"Le Domaine Fitzgerald","publisher":{"@id":"https:\/\/vin-et-spiritueux.fr\/#organization"},"potentialAction":[{"@type":"SearchAction","target":{"@type":"EntryPoint","urlTemplate":"https:\/\/vin-et-spiritueux.fr\/?s={search_term_string}"},"query-input":{"@type":"PropertyValueSpecification","valueRequired":true,"valueName":"search_term_string"}}],"inLanguage":"en-US"},{"@type":"Organization","@id":"https:\/\/vin-et-spiritueux.fr\/#organization","name":"Vin Et Spiritueux","url":"https:\/\/vin-et-spiritueux.fr\/","logo":{"@type":"ImageObject","inLanguage":"en-US","@id":"https:\/\/vin-et-spiritueux.fr\/#\/schema\/logo\/image\/","url":"https:\/\/vin-et-spiritueux.fr\/wp-content\/uploads\/2022\/10\/cropped-Le-Domaine-Fitzgerald.jpg","contentUrl":"https:\/\/vin-et-spiritueux.fr\/wp-content\/uploads\/2022\/10\/cropped-Le-Domaine-Fitzgerald.jpg","width":880,"height":373,"caption":"Vin Et Spiritueux"},"image":{"@id":"https:\/\/vin-et-spiritueux.fr\/#\/schema\/logo\/image\/"}}]}},"_links":{"self":[{"href":"https:\/\/vin-et-spiritueux.fr\/en\/wp-json\/wp\/v2\/pages\/266","targetHints":{"allow":["GET"]}}],"collection":[{"href":"https:\/\/vin-et-spiritueux.fr\/en\/wp-json\/wp\/v2\/pages"}],"about":[{"href":"https:\/\/vin-et-spiritueux.fr\/en\/wp-json\/wp\/v2\/types\/page"}],"author":[{"embeddable":true,"href":"https:\/\/vin-et-spiritueux.fr\/en\/wp-json\/wp\/v2\/users\/2"}],"replies":[{"embeddable":true,"href":"https:\/\/vin-et-spiritueux.fr\/en\/wp-json\/wp\/v2\/comments?post=266"}],"version-history":[{"count":37,"href":"https:\/\/vin-et-spiritueux.fr\/en\/wp-json\/wp\/v2\/pages\/266\/revisions"}],"predecessor-version":[{"id":622,"href":"https:\/\/vin-et-spiritueux.fr\/en\/wp-json\/wp\/v2\/pages\/266\/revisions\/622"}],"wp:attachment":[{"href":"https:\/\/vin-et-spiritueux.fr\/en\/wp-json\/wp\/v2\/media?parent=266"}],"curies":[{"name":"wp","href":"https:\/\/api.w.org\/{rel}","templated":true}]}}