{"id":324,"date":"2022-10-05T12:44:22","date_gmt":"2022-10-05T11:44:22","guid":{"rendered":"https:\/\/vin-et-spiritueux.fr\/?post_type=product&#038;p=324"},"modified":"2023-01-06T10:27:50","modified_gmt":"2023-01-06T09:27:50","slug":"o-men-donne-carton-75cl-x-6","status":"publish","type":"product","link":"https:\/\/vin-et-spiritueux.fr\/en\/product\/o-men-donne-carton-75cl-x-6\/","title":{"rendered":"\u00d4 m\u2019en Donn\u00e9 75cl x 6"},"content":{"rendered":"<table style=\"height: 647px;\" width=\"590\">\n<tbody>\n<tr>\n<td width=\"127\">Appellation :<\/td>\n<td width=\"261\">Vin de France<\/td>\n<\/tr>\n<tr>\n<td>Alcohol content<\/td>\n<td width=\"261\">12%<\/td>\n<\/tr>\n<tr>\n<td>Sugar content:<\/td>\n<td width=\"261\">&lt; 0.4gr\/ L<\/td>\n<\/tr>\n<tr>\n<td>Grapes:<\/td>\n<td width=\"261\">C\u00f4t\u00a0 |\u00a0 N\u00e9grette\u00a0 |\u00a0 Syrah<\/td>\n<\/tr>\n<tr>\n<td>Robe :<\/td>\n<td width=\"261\">Pourpre<\/td>\n<\/tr>\n<tr>\n<td>Intensity:<\/td>\n<td width=\"261\">Dense<\/td>\n<\/tr>\n<tr>\n<td>Clarity:<\/td>\n<td width=\"261\">Brillante<\/td>\n<\/tr>\n<tr>\n<td>Reflections:<\/td>\n<td width=\"261\">Violac\u00e9s<\/td>\n<\/tr>\n<tr>\n<td>Viscosity:<\/td>\n<td width=\"261\">Fine<\/td>\n<\/tr>\n<tr>\n<td>Fluidity:<\/td>\n<td width=\"261\">Rapide<\/td>\n<\/tr>\n<tr>\n<td>Expression :<\/td>\n<td width=\"261\">Discret<\/td>\n<\/tr>\n<tr>\n<td>Quality :<\/td>\n<td width=\"261\">Pleasant and complex<\/td>\n<\/tr>\n<tr>\n<td>Aromas:<\/td>\n<td width=\"261\">Red fruits with hints of blackcurrant.<\/td>\n<\/tr>\n<tr>\n<td>Taste :<\/td>\n<td width=\"261\">A fruity, balanced, greedy and round red wine \u2013 very pleasant on the palate. Drink at 13\u00b0C as an aperitif or with starters, exotic dishes, fish or light cheeses.<\/td>\n<\/tr>\n<tr>\n<td>Holding time:<\/td>\n<td width=\"261\">2 ans<\/td>\n<\/tr>\n<\/tbody>\n<\/table>","protected":false},"excerpt":{"rendered":"<p><strong>Carton 75cl x 6<\/strong> | Issue d\u2019\u2019une petite parcelle de C\u00f4t vendang\u00e9e \u00e0 la main, cette cr\u00e9ation harmonieusement assembl\u00e9e donne un vin souple, couvert par un nez de fruits rouges.<\/p>","protected":false},"featured_media":836,"comment_status":"closed","ping_status":"closed","template":"","meta":[],"product_brand":[],"product_cat":[25],"product_tag":[],"class_list":{"0":"post-324","1":"product","2":"type-product","3":"status-publish","4":"has-post-thumbnail","6":"product_cat-non-classe","7":"sales-flash-overlay","8":"woocommerce-text-align-center","9":"woocommerce-image-align-center","10":"do-quantity-buttons","12":"first","13":"instock","14":"taxable","15":"shipping-taxable","16":"purchasable","17":"product-type-simple"},"yoast_head":"<!-- This site is optimized with the Yoast SEO plugin v25.1 - https:\/\/yoast.com\/wordpress\/plugins\/seo\/ -->\n<title>\u00d4 m\u2019en Donn\u00e9 75cl x 6 - Vin Et Spiritueux<\/title>\n<meta name=\"robots\" content=\"index, follow, max-snippet:-1, max-image-preview:large, max-video-preview:-1\" \/>\n<link rel=\"canonical\" href=\"https:\/\/vin-et-spiritueux.fr\/en\/product\/o-men-donne-carton-75cl-x-6\/\" \/>\n<meta property=\"og:locale\" content=\"en_US\" \/>\n<meta property=\"og:type\" content=\"article\" \/>\n<meta property=\"og:title\" content=\"\u00d4 m\u2019en Donn\u00e9 75cl x 6 - Vin Et Spiritueux\" \/>\n<meta property=\"og:description\" content=\"Carton 75cl x 6 | Issue d\u2019\u2019une petite parcelle de C\u00f4t vendang\u00e9e \u00e0 la main, cette cr\u00e9ation harmonieusement assembl\u00e9e donne un vin souple, couvert par un nez de fruits rouges.\" \/>\n<meta property=\"og:url\" content=\"https:\/\/vin-et-spiritueux.fr\/en\/product\/o-men-donne-carton-75cl-x-6\/\" \/>\n<meta property=\"og:site_name\" content=\"Vin Et Spiritueux\" \/>\n<meta property=\"article:modified_time\" content=\"2023-01-06T09:27:50+00:00\" \/>\n<meta property=\"og:image\" content=\"https:\/\/vin-et-spiritueux.fr\/wp-content\/uploads\/2022\/10\/omen-donne.jpg\" \/>\n\t<meta property=\"og:image:width\" content=\"1200\" \/>\n\t<meta property=\"og:image:height\" content=\"1200\" \/>\n\t<meta property=\"og:image:type\" content=\"image\/jpeg\" \/>\n<script type=\"application\/ld+json\" class=\"yoast-schema-graph\">{\"@context\":\"https:\/\/schema.org\",\"@graph\":[{\"@type\":\"WebPage\",\"@id\":\"https:\/\/vin-et-spiritueux.fr\/product\/o-men-donne-carton-75cl-x-6\/\",\"url\":\"https:\/\/vin-et-spiritueux.fr\/product\/o-men-donne-carton-75cl-x-6\/\",\"name\":\"\u00d4 m\u2019en Donn\u00e9 75cl x 6 - Vin Et Spiritueux\",\"isPartOf\":{\"@id\":\"https:\/\/vin-et-spiritueux.fr\/#website\"},\"primaryImageOfPage\":{\"@id\":\"https:\/\/vin-et-spiritueux.fr\/product\/o-men-donne-carton-75cl-x-6\/#primaryimage\"},\"image\":{\"@id\":\"https:\/\/vin-et-spiritueux.fr\/product\/o-men-donne-carton-75cl-x-6\/#primaryimage\"},\"thumbnailUrl\":\"https:\/\/vin-et-spiritueux.fr\/wp-content\/uploads\/2022\/10\/omen-donne.jpg\",\"datePublished\":\"2022-10-05T11:44:22+00:00\",\"dateModified\":\"2023-01-06T09:27:50+00:00\",\"breadcrumb\":{\"@id\":\"https:\/\/vin-et-spiritueux.fr\/product\/o-men-donne-carton-75cl-x-6\/#breadcrumb\"},\"inLanguage\":\"en-US\",\"potentialAction\":[{\"@type\":\"ReadAction\",\"target\":[\"https:\/\/vin-et-spiritueux.fr\/product\/o-men-donne-carton-75cl-x-6\/\"]}]},{\"@type\":\"ImageObject\",\"inLanguage\":\"en-US\",\"@id\":\"https:\/\/vin-et-spiritueux.fr\/product\/o-men-donne-carton-75cl-x-6\/#primaryimage\",\"url\":\"https:\/\/vin-et-spiritueux.fr\/wp-content\/uploads\/2022\/10\/omen-donne.jpg\",\"contentUrl\":\"https:\/\/vin-et-spiritueux.fr\/wp-content\/uploads\/2022\/10\/omen-donne.jpg\",\"width\":1200,\"height\":1200},{\"@type\":\"BreadcrumbList\",\"@id\":\"https:\/\/vin-et-spiritueux.fr\/product\/o-men-donne-carton-75cl-x-6\/#breadcrumb\",\"itemListElement\":[{\"@type\":\"ListItem\",\"position\":1,\"name\":\"Shop\",\"item\":\"https:\/\/vin-et-spiritueux.fr\/\"},{\"@type\":\"ListItem\",\"position\":2,\"name\":\"\u00d4 m\u2019en Donn\u00e9 75cl x 6\"}]},{\"@type\":\"WebSite\",\"@id\":\"https:\/\/vin-et-spiritueux.fr\/#website\",\"url\":\"https:\/\/vin-et-spiritueux.fr\/\",\"name\":\"Vin Et Spiritueux\",\"description\":\"Le Domaine Fitzgerald\",\"publisher\":{\"@id\":\"https:\/\/vin-et-spiritueux.fr\/#organization\"},\"potentialAction\":[{\"@type\":\"SearchAction\",\"target\":{\"@type\":\"EntryPoint\",\"urlTemplate\":\"https:\/\/vin-et-spiritueux.fr\/?s={search_term_string}\"},\"query-input\":{\"@type\":\"PropertyValueSpecification\",\"valueRequired\":true,\"valueName\":\"search_term_string\"}}],\"inLanguage\":\"en-US\"},{\"@type\":\"Organization\",\"@id\":\"https:\/\/vin-et-spiritueux.fr\/#organization\",\"name\":\"Vin Et Spiritueux\",\"url\":\"https:\/\/vin-et-spiritueux.fr\/\",\"logo\":{\"@type\":\"ImageObject\",\"inLanguage\":\"en-US\",\"@id\":\"https:\/\/vin-et-spiritueux.fr\/#\/schema\/logo\/image\/\",\"url\":\"https:\/\/vin-et-spiritueux.fr\/wp-content\/uploads\/2022\/10\/cropped-Le-Domaine-Fitzgerald.jpg\",\"contentUrl\":\"https:\/\/vin-et-spiritueux.fr\/wp-content\/uploads\/2022\/10\/cropped-Le-Domaine-Fitzgerald.jpg\",\"width\":880,\"height\":373,\"caption\":\"Vin Et Spiritueux\"},\"image\":{\"@id\":\"https:\/\/vin-et-spiritueux.fr\/#\/schema\/logo\/image\/\"}}]}<\/script>\n<!-- \/ Yoast SEO plugin. -->","yoast_head_json":{"title":"\u00d4 m\u2019en Donn\u00e9 75cl x 6 - Vin Et Spiritueux","robots":{"index":"index","follow":"follow","max-snippet":"max-snippet:-1","max-image-preview":"max-image-preview:large","max-video-preview":"max-video-preview:-1"},"canonical":"https:\/\/vin-et-spiritueux.fr\/en\/product\/o-men-donne-carton-75cl-x-6\/","og_locale":"en_US","og_type":"article","og_title":"\u00d4 m\u2019en Donn\u00e9 75cl x 6 - Vin Et Spiritueux","og_description":"Carton 75cl x 6 | Issue d\u2019\u2019une petite parcelle de C\u00f4t vendang\u00e9e \u00e0 la main, cette cr\u00e9ation harmonieusement assembl\u00e9e donne un vin souple, couvert par un nez de fruits rouges.","og_url":"https:\/\/vin-et-spiritueux.fr\/en\/product\/o-men-donne-carton-75cl-x-6\/","og_site_name":"Vin Et Spiritueux","article_modified_time":"2023-01-06T09:27:50+00:00","og_image":[{"width":1200,"height":1200,"url":"https:\/\/vin-et-spiritueux.fr\/wp-content\/uploads\/2022\/10\/omen-donne.jpg","type":"image\/jpeg"}],"schema":{"@context":"https:\/\/schema.org","@graph":[{"@type":"WebPage","@id":"https:\/\/vin-et-spiritueux.fr\/product\/o-men-donne-carton-75cl-x-6\/","url":"https:\/\/vin-et-spiritueux.fr\/product\/o-men-donne-carton-75cl-x-6\/","name":"\u00d4 m\u2019en Donn\u00e9 75cl x 6 - Vin Et Spiritueux","isPartOf":{"@id":"https:\/\/vin-et-spiritueux.fr\/#website"},"primaryImageOfPage":{"@id":"https:\/\/vin-et-spiritueux.fr\/product\/o-men-donne-carton-75cl-x-6\/#primaryimage"},"image":{"@id":"https:\/\/vin-et-spiritueux.fr\/product\/o-men-donne-carton-75cl-x-6\/#primaryimage"},"thumbnailUrl":"https:\/\/vin-et-spiritueux.fr\/wp-content\/uploads\/2022\/10\/omen-donne.jpg","datePublished":"2022-10-05T11:44:22+00:00","dateModified":"2023-01-06T09:27:50+00:00","breadcrumb":{"@id":"https:\/\/vin-et-spiritueux.fr\/product\/o-men-donne-carton-75cl-x-6\/#breadcrumb"},"inLanguage":"en-US","potentialAction":[{"@type":"ReadAction","target":["https:\/\/vin-et-spiritueux.fr\/product\/o-men-donne-carton-75cl-x-6\/"]}]},{"@type":"ImageObject","inLanguage":"en-US","@id":"https:\/\/vin-et-spiritueux.fr\/product\/o-men-donne-carton-75cl-x-6\/#primaryimage","url":"https:\/\/vin-et-spiritueux.fr\/wp-content\/uploads\/2022\/10\/omen-donne.jpg","contentUrl":"https:\/\/vin-et-spiritueux.fr\/wp-content\/uploads\/2022\/10\/omen-donne.jpg","width":1200,"height":1200},{"@type":"BreadcrumbList","@id":"https:\/\/vin-et-spiritueux.fr\/product\/o-men-donne-carton-75cl-x-6\/#breadcrumb","itemListElement":[{"@type":"ListItem","position":1,"name":"Shop","item":"https:\/\/vin-et-spiritueux.fr\/"},{"@type":"ListItem","position":2,"name":"\u00d4 m\u2019en Donn\u00e9 75cl x 6"}]},{"@type":"WebSite","@id":"https:\/\/vin-et-spiritueux.fr\/#website","url":"https:\/\/vin-et-spiritueux.fr\/","name":"Vin Et Spiritueux","description":"Le Domaine Fitzgerald","publisher":{"@id":"https:\/\/vin-et-spiritueux.fr\/#organization"},"potentialAction":[{"@type":"SearchAction","target":{"@type":"EntryPoint","urlTemplate":"https:\/\/vin-et-spiritueux.fr\/?s={search_term_string}"},"query-input":{"@type":"PropertyValueSpecification","valueRequired":true,"valueName":"search_term_string"}}],"inLanguage":"en-US"},{"@type":"Organization","@id":"https:\/\/vin-et-spiritueux.fr\/#organization","name":"Vin Et Spiritueux","url":"https:\/\/vin-et-spiritueux.fr\/","logo":{"@type":"ImageObject","inLanguage":"en-US","@id":"https:\/\/vin-et-spiritueux.fr\/#\/schema\/logo\/image\/","url":"https:\/\/vin-et-spiritueux.fr\/wp-content\/uploads\/2022\/10\/cropped-Le-Domaine-Fitzgerald.jpg","contentUrl":"https:\/\/vin-et-spiritueux.fr\/wp-content\/uploads\/2022\/10\/cropped-Le-Domaine-Fitzgerald.jpg","width":880,"height":373,"caption":"Vin Et Spiritueux"},"image":{"@id":"https:\/\/vin-et-spiritueux.fr\/#\/schema\/logo\/image\/"}}]}},"_links":{"self":[{"href":"https:\/\/vin-et-spiritueux.fr\/en\/wp-json\/wp\/v2\/product\/324","targetHints":{"allow":["GET"]}}],"collection":[{"href":"https:\/\/vin-et-spiritueux.fr\/en\/wp-json\/wp\/v2\/product"}],"about":[{"href":"https:\/\/vin-et-spiritueux.fr\/en\/wp-json\/wp\/v2\/types\/product"}],"replies":[{"embeddable":true,"href":"https:\/\/vin-et-spiritueux.fr\/en\/wp-json\/wp\/v2\/comments?post=324"}],"wp:featuredmedia":[{"embeddable":true,"href":"https:\/\/vin-et-spiritueux.fr\/en\/wp-json\/wp\/v2\/media\/836"}],"wp:attachment":[{"href":"https:\/\/vin-et-spiritueux.fr\/en\/wp-json\/wp\/v2\/media?parent=324"}],"wp:term":[{"taxonomy":"product_brand","embeddable":true,"href":"https:\/\/vin-et-spiritueux.fr\/en\/wp-json\/wp\/v2\/product_brand?post=324"},{"taxonomy":"product_cat","embeddable":true,"href":"https:\/\/vin-et-spiritueux.fr\/en\/wp-json\/wp\/v2\/product_cat?post=324"},{"taxonomy":"product_tag","embeddable":true,"href":"https:\/\/vin-et-spiritueux.fr\/en\/wp-json\/wp\/v2\/product_tag?post=324"}],"curies":[{"name":"wp","href":"https:\/\/api.w.org\/{rel}","templated":true}]}}