{"id":335,"date":"2022-10-07T08:32:13","date_gmt":"2022-10-07T07:32:13","guid":{"rendered":"https:\/\/vin-et-spiritueux.fr\/?post_type=product&#038;p=335"},"modified":"2023-01-06T10:24:47","modified_gmt":"2023-01-06T09:24:47","slug":"ticol-plage-rouge","status":"publish","type":"product","link":"https:\/\/vin-et-spiritueux.fr\/en\/product\/ticol-plage-rouge\/","title":{"rendered":"Ticol Plage Rouge 75cl"},"content":{"rendered":"<table width=\"590\">\n<tbody>\n<tr>\n<td width=\"127\">Appellation :<\/td>\n<td width=\"261\">AOP Fronton<\/td>\n<\/tr>\n<tr>\n<td>Alcohol content<\/td>\n<td width=\"261\">12,5%<\/td>\n<\/tr>\n<tr>\n<td>Sugar content:<\/td>\n<td width=\"261\">&lt; 0.4gr\/ L<\/td>\n<\/tr>\n<tr>\n<td>Grapes:<\/td>\n<td width=\"261\">N\u00e9grette | Syrah<\/td>\n<\/tr>\n<tr>\n<td>Robe :<\/td>\n<td width=\"261\">Pourpre<\/td>\n<\/tr>\n<tr>\n<td>Intensity:<\/td>\n<td width=\"261\">Profonde<\/td>\n<\/tr>\n<tr>\n<td>Clarity:<\/td>\n<td width=\"261\">Limpide<\/td>\n<\/tr>\n<tr>\n<td>Reflections:<\/td>\n<td width=\"261\">Violac\u00e9s<\/td>\n<\/tr>\n<tr>\n<td>Viscosity:<\/td>\n<td width=\"261\">\u00c9paisse<\/td>\n<\/tr>\n<tr>\n<td>Fluidity:<\/td>\n<td width=\"261\">Lente<\/td>\n<\/tr>\n<tr>\n<td>Expression :<\/td>\n<td width=\"261\">Expressif<\/td>\n<\/tr>\n<tr>\n<td>Quality :<\/td>\n<td width=\"261\">Pleasant and complex<\/td>\n<\/tr>\n<tr>\n<td>Aromas:<\/td>\n<td width=\"261\">Candied black fruits with notes<br \/>\nwoody \/ toasted.<\/td>\n<\/tr>\n<tr>\n<td>Taste :<\/td>\n<td width=\"261\">A well-structured wine as much by its notes of woody scent as by a structured taste. Drink at 16\u00b0C as a tasting or as an accompaniment to grilled meats, cheeses or spicy dishes.<\/td>\n<\/tr>\n<tr>\n<td>Holding time:<\/td>\n<td width=\"261\">5 \u00e0 6 ans<\/td>\n<\/tr>\n<\/tbody>\n<\/table>","protected":false},"excerpt":{"rendered":"<p>A well-structured wine as much by its notes of woody scent as by a structured taste. Drink at 16\u00b0C as a tasting or as an accompaniment to grilled meats, cheeses or spicy dishes.<\/p>","protected":false},"featured_media":841,"comment_status":"closed","ping_status":"closed","template":"","meta":[],"product_brand":[],"product_cat":[25],"product_tag":[],"class_list":{"0":"post-335","1":"product","2":"type-product","3":"status-publish","4":"has-post-thumbnail","6":"product_cat-non-classe","7":"sales-flash-overlay","8":"woocommerce-text-align-center","9":"woocommerce-image-align-center","10":"do-quantity-buttons","12":"first","13":"instock","14":"taxable","15":"shipping-taxable","16":"purchasable","17":"product-type-simple"},"yoast_head":"<!-- This site is optimized with the Yoast SEO plugin v25.1 - https:\/\/yoast.com\/wordpress\/plugins\/seo\/ -->\n<title>Ticol Plage Rouge 75cl - Vin Et Spiritueux<\/title>\n<meta name=\"robots\" content=\"index, follow, max-snippet:-1, max-image-preview:large, max-video-preview:-1\" \/>\n<link rel=\"canonical\" href=\"https:\/\/vin-et-spiritueux.fr\/en\/product\/ticol-plage-rouge\/\" \/>\n<meta property=\"og:locale\" content=\"en_US\" \/>\n<meta property=\"og:type\" content=\"article\" \/>\n<meta property=\"og:title\" content=\"Ticol Plage Rouge 75cl - Vin Et Spiritueux\" \/>\n<meta property=\"og:description\" content=\"Un vin charpent\u00e9 aussi bien par ses notes de senteur bois\u00e9e que par un go\u00fbt structur\u00e9. A boire \u00e0 16\u00b0C en d\u00e9gustation ou en accompagnement des viandes grill\u00e9es, fromages ou plats \u00e9pic\u00e9s.\" \/>\n<meta property=\"og:url\" content=\"https:\/\/vin-et-spiritueux.fr\/en\/product\/ticol-plage-rouge\/\" \/>\n<meta property=\"og:site_name\" content=\"Vin Et Spiritueux\" \/>\n<meta property=\"article:modified_time\" content=\"2023-01-06T09:24:47+00:00\" \/>\n<meta property=\"og:image\" content=\"https:\/\/vin-et-spiritueux.fr\/wp-content\/uploads\/2022\/10\/Ticol-plage-rouge-single.jpg\" \/>\n\t<meta property=\"og:image:width\" content=\"1200\" \/>\n\t<meta property=\"og:image:height\" content=\"1200\" \/>\n\t<meta property=\"og:image:type\" content=\"image\/jpeg\" \/>\n<script type=\"application\/ld+json\" class=\"yoast-schema-graph\">{\"@context\":\"https:\/\/schema.org\",\"@graph\":[{\"@type\":\"WebPage\",\"@id\":\"https:\/\/vin-et-spiritueux.fr\/product\/ticol-plage-rouge\/\",\"url\":\"https:\/\/vin-et-spiritueux.fr\/product\/ticol-plage-rouge\/\",\"name\":\"Ticol Plage Rouge 75cl - Vin Et Spiritueux\",\"isPartOf\":{\"@id\":\"https:\/\/vin-et-spiritueux.fr\/#website\"},\"primaryImageOfPage\":{\"@id\":\"https:\/\/vin-et-spiritueux.fr\/product\/ticol-plage-rouge\/#primaryimage\"},\"image\":{\"@id\":\"https:\/\/vin-et-spiritueux.fr\/product\/ticol-plage-rouge\/#primaryimage\"},\"thumbnailUrl\":\"https:\/\/vin-et-spiritueux.fr\/wp-content\/uploads\/2022\/10\/Ticol-plage-rouge-single.jpg\",\"datePublished\":\"2022-10-07T07:32:13+00:00\",\"dateModified\":\"2023-01-06T09:24:47+00:00\",\"breadcrumb\":{\"@id\":\"https:\/\/vin-et-spiritueux.fr\/product\/ticol-plage-rouge\/#breadcrumb\"},\"inLanguage\":\"en-US\",\"potentialAction\":[{\"@type\":\"ReadAction\",\"target\":[\"https:\/\/vin-et-spiritueux.fr\/product\/ticol-plage-rouge\/\"]}]},{\"@type\":\"ImageObject\",\"inLanguage\":\"en-US\",\"@id\":\"https:\/\/vin-et-spiritueux.fr\/product\/ticol-plage-rouge\/#primaryimage\",\"url\":\"https:\/\/vin-et-spiritueux.fr\/wp-content\/uploads\/2022\/10\/Ticol-plage-rouge-single.jpg\",\"contentUrl\":\"https:\/\/vin-et-spiritueux.fr\/wp-content\/uploads\/2022\/10\/Ticol-plage-rouge-single.jpg\",\"width\":1200,\"height\":1200},{\"@type\":\"BreadcrumbList\",\"@id\":\"https:\/\/vin-et-spiritueux.fr\/product\/ticol-plage-rouge\/#breadcrumb\",\"itemListElement\":[{\"@type\":\"ListItem\",\"position\":1,\"name\":\"Shop\",\"item\":\"https:\/\/vin-et-spiritueux.fr\/\"},{\"@type\":\"ListItem\",\"position\":2,\"name\":\"Ticol Plage Rouge 75cl\"}]},{\"@type\":\"WebSite\",\"@id\":\"https:\/\/vin-et-spiritueux.fr\/#website\",\"url\":\"https:\/\/vin-et-spiritueux.fr\/\",\"name\":\"Vin Et Spiritueux\",\"description\":\"Le Domaine Fitzgerald\",\"publisher\":{\"@id\":\"https:\/\/vin-et-spiritueux.fr\/#organization\"},\"potentialAction\":[{\"@type\":\"SearchAction\",\"target\":{\"@type\":\"EntryPoint\",\"urlTemplate\":\"https:\/\/vin-et-spiritueux.fr\/?s={search_term_string}\"},\"query-input\":{\"@type\":\"PropertyValueSpecification\",\"valueRequired\":true,\"valueName\":\"search_term_string\"}}],\"inLanguage\":\"en-US\"},{\"@type\":\"Organization\",\"@id\":\"https:\/\/vin-et-spiritueux.fr\/#organization\",\"name\":\"Vin Et Spiritueux\",\"url\":\"https:\/\/vin-et-spiritueux.fr\/\",\"logo\":{\"@type\":\"ImageObject\",\"inLanguage\":\"en-US\",\"@id\":\"https:\/\/vin-et-spiritueux.fr\/#\/schema\/logo\/image\/\",\"url\":\"https:\/\/vin-et-spiritueux.fr\/wp-content\/uploads\/2022\/10\/cropped-Le-Domaine-Fitzgerald.jpg\",\"contentUrl\":\"https:\/\/vin-et-spiritueux.fr\/wp-content\/uploads\/2022\/10\/cropped-Le-Domaine-Fitzgerald.jpg\",\"width\":880,\"height\":373,\"caption\":\"Vin Et Spiritueux\"},\"image\":{\"@id\":\"https:\/\/vin-et-spiritueux.fr\/#\/schema\/logo\/image\/\"}}]}<\/script>\n<!-- \/ Yoast SEO plugin. -->","yoast_head_json":{"title":"Ticol Plage Rouge 75cl - Vin Et Spiritueux","robots":{"index":"index","follow":"follow","max-snippet":"max-snippet:-1","max-image-preview":"max-image-preview:large","max-video-preview":"max-video-preview:-1"},"canonical":"https:\/\/vin-et-spiritueux.fr\/en\/product\/ticol-plage-rouge\/","og_locale":"en_US","og_type":"article","og_title":"Ticol Plage Rouge 75cl - Vin Et Spiritueux","og_description":"Un vin charpent\u00e9 aussi bien par ses notes de senteur bois\u00e9e que par un go\u00fbt structur\u00e9. A boire \u00e0 16\u00b0C en d\u00e9gustation ou en accompagnement des viandes grill\u00e9es, fromages ou plats \u00e9pic\u00e9s.","og_url":"https:\/\/vin-et-spiritueux.fr\/en\/product\/ticol-plage-rouge\/","og_site_name":"Vin Et Spiritueux","article_modified_time":"2023-01-06T09:24:47+00:00","og_image":[{"width":1200,"height":1200,"url":"https:\/\/vin-et-spiritueux.fr\/wp-content\/uploads\/2022\/10\/Ticol-plage-rouge-single.jpg","type":"image\/jpeg"}],"schema":{"@context":"https:\/\/schema.org","@graph":[{"@type":"WebPage","@id":"https:\/\/vin-et-spiritueux.fr\/product\/ticol-plage-rouge\/","url":"https:\/\/vin-et-spiritueux.fr\/product\/ticol-plage-rouge\/","name":"Ticol Plage Rouge 75cl - Vin Et Spiritueux","isPartOf":{"@id":"https:\/\/vin-et-spiritueux.fr\/#website"},"primaryImageOfPage":{"@id":"https:\/\/vin-et-spiritueux.fr\/product\/ticol-plage-rouge\/#primaryimage"},"image":{"@id":"https:\/\/vin-et-spiritueux.fr\/product\/ticol-plage-rouge\/#primaryimage"},"thumbnailUrl":"https:\/\/vin-et-spiritueux.fr\/wp-content\/uploads\/2022\/10\/Ticol-plage-rouge-single.jpg","datePublished":"2022-10-07T07:32:13+00:00","dateModified":"2023-01-06T09:24:47+00:00","breadcrumb":{"@id":"https:\/\/vin-et-spiritueux.fr\/product\/ticol-plage-rouge\/#breadcrumb"},"inLanguage":"en-US","potentialAction":[{"@type":"ReadAction","target":["https:\/\/vin-et-spiritueux.fr\/product\/ticol-plage-rouge\/"]}]},{"@type":"ImageObject","inLanguage":"en-US","@id":"https:\/\/vin-et-spiritueux.fr\/product\/ticol-plage-rouge\/#primaryimage","url":"https:\/\/vin-et-spiritueux.fr\/wp-content\/uploads\/2022\/10\/Ticol-plage-rouge-single.jpg","contentUrl":"https:\/\/vin-et-spiritueux.fr\/wp-content\/uploads\/2022\/10\/Ticol-plage-rouge-single.jpg","width":1200,"height":1200},{"@type":"BreadcrumbList","@id":"https:\/\/vin-et-spiritueux.fr\/product\/ticol-plage-rouge\/#breadcrumb","itemListElement":[{"@type":"ListItem","position":1,"name":"Shop","item":"https:\/\/vin-et-spiritueux.fr\/"},{"@type":"ListItem","position":2,"name":"Ticol Plage Rouge 75cl"}]},{"@type":"WebSite","@id":"https:\/\/vin-et-spiritueux.fr\/#website","url":"https:\/\/vin-et-spiritueux.fr\/","name":"Vin Et Spiritueux","description":"Le Domaine Fitzgerald","publisher":{"@id":"https:\/\/vin-et-spiritueux.fr\/#organization"},"potentialAction":[{"@type":"SearchAction","target":{"@type":"EntryPoint","urlTemplate":"https:\/\/vin-et-spiritueux.fr\/?s={search_term_string}"},"query-input":{"@type":"PropertyValueSpecification","valueRequired":true,"valueName":"search_term_string"}}],"inLanguage":"en-US"},{"@type":"Organization","@id":"https:\/\/vin-et-spiritueux.fr\/#organization","name":"Vin Et Spiritueux","url":"https:\/\/vin-et-spiritueux.fr\/","logo":{"@type":"ImageObject","inLanguage":"en-US","@id":"https:\/\/vin-et-spiritueux.fr\/#\/schema\/logo\/image\/","url":"https:\/\/vin-et-spiritueux.fr\/wp-content\/uploads\/2022\/10\/cropped-Le-Domaine-Fitzgerald.jpg","contentUrl":"https:\/\/vin-et-spiritueux.fr\/wp-content\/uploads\/2022\/10\/cropped-Le-Domaine-Fitzgerald.jpg","width":880,"height":373,"caption":"Vin Et Spiritueux"},"image":{"@id":"https:\/\/vin-et-spiritueux.fr\/#\/schema\/logo\/image\/"}}]}},"_links":{"self":[{"href":"https:\/\/vin-et-spiritueux.fr\/en\/wp-json\/wp\/v2\/product\/335","targetHints":{"allow":["GET"]}}],"collection":[{"href":"https:\/\/vin-et-spiritueux.fr\/en\/wp-json\/wp\/v2\/product"}],"about":[{"href":"https:\/\/vin-et-spiritueux.fr\/en\/wp-json\/wp\/v2\/types\/product"}],"replies":[{"embeddable":true,"href":"https:\/\/vin-et-spiritueux.fr\/en\/wp-json\/wp\/v2\/comments?post=335"}],"wp:featuredmedia":[{"embeddable":true,"href":"https:\/\/vin-et-spiritueux.fr\/en\/wp-json\/wp\/v2\/media\/841"}],"wp:attachment":[{"href":"https:\/\/vin-et-spiritueux.fr\/en\/wp-json\/wp\/v2\/media?parent=335"}],"wp:term":[{"taxonomy":"product_brand","embeddable":true,"href":"https:\/\/vin-et-spiritueux.fr\/en\/wp-json\/wp\/v2\/product_brand?post=335"},{"taxonomy":"product_cat","embeddable":true,"href":"https:\/\/vin-et-spiritueux.fr\/en\/wp-json\/wp\/v2\/product_cat?post=335"},{"taxonomy":"product_tag","embeddable":true,"href":"https:\/\/vin-et-spiritueux.fr\/en\/wp-json\/wp\/v2\/product_tag?post=335"}],"curies":[{"name":"wp","href":"https:\/\/api.w.org\/{rel}","templated":true}]}}